{"id":575,"date":"2023-12-05T18:22:32","date_gmt":"2023-12-05T17:22:32","guid":{"rendered":"https:\/\/donesdeciencia.webs.upv.es\/rutas\/"},"modified":"2026-02-16T19:01:33","modified_gmt":"2026-02-16T18:01:33","slug":"rutas","status":"publish","type":"page","link":"https:\/\/donesdeciencia.webs.upv.es\/es\/rutas\/","title":{"rendered":"Rutas"},"content":{"rendered":"\n<figure class=\"wp-block-image aligncenter size-large\"><img loading=\"lazy\" decoding=\"async\" width=\"1024\" height=\"453\" src=\"https:\/\/donesdeciencia.webs.upv.es\/wp-content\/uploads\/2024\/01\/pedalejant-amb-dones-de-ciencia-1024x453.png\" alt=\"\" class=\"wp-image-331\" srcset=\"https:\/\/donesdeciencia.webs.upv.es\/wp-content\/uploads\/2024\/01\/pedalejant-amb-dones-de-ciencia-1024x453.png 1024w, https:\/\/donesdeciencia.webs.upv.es\/wp-content\/uploads\/2024\/01\/pedalejant-amb-dones-de-ciencia-300x133.png 300w, https:\/\/donesdeciencia.webs.upv.es\/wp-content\/uploads\/2024\/01\/pedalejant-amb-dones-de-ciencia-768x340.png 768w, https:\/\/donesdeciencia.webs.upv.es\/wp-content\/uploads\/2024\/01\/pedalejant-amb-dones-de-ciencia.png 1200w\" sizes=\"auto, (max-width: 1024px) 100vw, 1024px\" \/><\/figure>\n\n<h2 class=\"wp-block-heading\"><\/h2>\n\n<p>Hay tres itinerarios diferentes, que llevan por t\u00edtulo: La ciencia que abraza, Resiliencia y paciencia y De la Luna a la Ant\u00e1rtida.<\/p>\n\n<p>En el dise\u00f1o de los trayectos se ha priorizado la seguridad del p\u00fablico frente a la rapidez, buscando carriles bici en perfecto estado y fomentando que el p\u00fablico de cualquier edad que sea capaz de ir en bici, pueda realizar la ruta de manera segura y c\u00f3moda.<\/p>\n\n<p>\u00a1<a href=\"http:\/\/donesdeciencia.webs.upv.es\/wp-content\/uploads\/2024\/01\/AutoguiaPedalejantDonesdeCiencia.pdf\">Descarga el documento<\/a>, coge tu bici y conoce a algunas de las protagonistas de nuestro proyecto!<\/p>\n\n<div class=\"wp-block-buttons p-4 is-content-justification-center is-layout-flex wp-container-core-buttons-is-layout-16018d1d wp-block-buttons-is-layout-flex\">\n<div class=\"wp-block-button\"><a class=\"wp-block-button__link wp-element-button\" href=\"http:\/\/donesdeciencia.webs.upv.es\/wp-content\/uploads\/2024\/01\/AutoguiaPedalejantDonesdeCiencia.pdf\">Descargar Autogu\u00eda<\/a><\/div>\n<\/div>\n","protected":false},"excerpt":{"rendered":"<p>Hay tres itinerarios diferentes, que llevan por t\u00edtulo: La ciencia que abraza, Resiliencia y paciencia y De la Luna a la Ant\u00e1rtida. En el dise\u00f1o de los trayectos se ha priorizado la seguridad del p\u00fablico frente a la rapidez, buscando carriles bici en perfecto estado y fomentando que el p\u00fablico de cualquier edad que sea [&hellip;]<\/p>\n","protected":false},"author":1,"featured_media":474,"parent":0,"menu_order":0,"comment_status":"closed","ping_status":"closed","template":"","meta":{"_acf_changed":false,"footnotes":""},"class_list":["post-575","page","type-page","status-publish","has-post-thumbnail","hentry"],"acf":[],"_links":{"self":[{"href":"https:\/\/donesdeciencia.webs.upv.es\/es\/wp-json\/wp\/v2\/pages\/575","targetHints":{"allow":["GET"]}}],"collection":[{"href":"https:\/\/donesdeciencia.webs.upv.es\/es\/wp-json\/wp\/v2\/pages"}],"about":[{"href":"https:\/\/donesdeciencia.webs.upv.es\/es\/wp-json\/wp\/v2\/types\/page"}],"author":[{"embeddable":true,"href":"https:\/\/donesdeciencia.webs.upv.es\/es\/wp-json\/wp\/v2\/users\/1"}],"replies":[{"embeddable":true,"href":"https:\/\/donesdeciencia.webs.upv.es\/es\/wp-json\/wp\/v2\/comments?post=575"}],"version-history":[{"count":6,"href":"https:\/\/donesdeciencia.webs.upv.es\/es\/wp-json\/wp\/v2\/pages\/575\/revisions"}],"predecessor-version":[{"id":921,"href":"https:\/\/donesdeciencia.webs.upv.es\/es\/wp-json\/wp\/v2\/pages\/575\/revisions\/921"}],"wp:featuredmedia":[{"embeddable":true,"href":"https:\/\/donesdeciencia.webs.upv.es\/es\/wp-json\/wp\/v2\/media\/474"}],"wp:attachment":[{"href":"https:\/\/donesdeciencia.webs.upv.es\/es\/wp-json\/wp\/v2\/media?parent=575"}],"curies":[{"name":"wp","href":"https:\/\/api.w.org\/{rel}","templated":true}]}}